{"id":983,"date":"2021-06-23T13:27:01","date_gmt":"2021-06-23T11:27:01","guid":{"rendered":"https:\/\/www.daware.io\/?page_id=983"},"modified":"2023-07-17T20:48:45","modified_gmt":"2023-07-17T18:48:45","slug":"rebill-art","status":"publish","type":"page","link":"https:\/\/www.daware.io\/en\/case-studies\/rebill-art\/","title":{"rendered":"Rebill-art"},"content":{"rendered":"<div data-elementor-type=\"wp-page\" data-elementor-id=\"983\" class=\"elementor elementor-983\" data-elementor-post-type=\"page\">\n\t\t\t\t\t\t<section class=\"elementor-section elementor-top-section elementor-element elementor-element-b06e33c elementor-section-height-min-height elementor-section-boxed elementor-section-height-default elementor-section-items-middle\" data-id=\"b06e33c\" data-element_type=\"section\" data-e-type=\"section\" data-settings=\"{&quot;background_background&quot;:&quot;classic&quot;}\">\n\t\t\t\t\t\t\t<div class=\"elementor-background-overlay\"><\/div>\n\t\t\t\t\t\t\t<div class=\"elementor-container elementor-column-gap-default\">\n\t\t\t\t\t<div class=\"elementor-column elementor-col-100 elementor-top-column elementor-element elementor-element-e7fc1a6\" data-id=\"e7fc1a6\" data-element_type=\"column\" data-e-type=\"column\">\n\t\t\t<div class=\"elementor-widget-wrap elementor-element-populated\">\n\t\t\t\t\t\t<div class=\"elementor-element elementor-element-aab9d0c elementor-widget elementor-widget-text-editor\" data-id=\"aab9d0c\" data-element_type=\"widget\" data-e-type=\"widget\" data-widget_type=\"text-editor.default\">\n\t\t\t\t\t\t\t\t\t<p><span style=\"font-weight: 400;\">Rebill-art is the brand of a painter who called on us to design an optimized site in line with the visual choices made by the company.<\/span><\/p>\t\t\t\t\t\t\t\t<\/div>\n\t\t\t\t\t<\/div>\n\t\t<\/div>\n\t\t\t\t\t<\/div>\n\t\t<\/section>\n\t\t\t\t<section class=\"elementor-section elementor-top-section elementor-element elementor-element-f02d5c8 elementor-section-boxed elementor-section-height-default elementor-section-height-default\" data-id=\"f02d5c8\" data-element_type=\"section\" data-e-type=\"section\" data-settings=\"{&quot;background_background&quot;:&quot;classic&quot;}\">\n\t\t\t\t\t\t<div class=\"elementor-container elementor-column-gap-default\">\n\t\t\t\t\t<div class=\"elementor-column elementor-col-100 elementor-top-column elementor-element elementor-element-c9f3a44\" data-id=\"c9f3a44\" data-element_type=\"column\" data-e-type=\"column\">\n\t\t\t<div class=\"elementor-widget-wrap elementor-element-populated\">\n\t\t\t\t\t\t<div class=\"elementor-element elementor-element-f95dcf8 elementor-widget__width-initial elementor-absolute elementor-widget elementor-widget-image\" data-id=\"f95dcf8\" data-element_type=\"widget\" data-e-type=\"widget\" data-settings=\"{&quot;_position&quot;:&quot;absolute&quot;}\" data-widget_type=\"image.default\">\n\t\t\t\t\t\t\t\t\t\t\t\t<figure class=\"wp-caption\">\n\t\t\t\t\t\t\t\t\t\t<img fetchpriority=\"high\" decoding=\"async\" width=\"976\" height=\"479\" src=\"https:\/\/www.daware.io\/wp-content\/uploads\/2021\/06\/logo-ra.v2.min_-1.png\" class=\"attachment-full size-full wp-image-982\" alt=\"Rebill-art logo\" srcset=\"https:\/\/www.daware.io\/wp-content\/uploads\/2021\/06\/logo-ra.v2.min_-1.png 976w, https:\/\/www.daware.io\/wp-content\/uploads\/2021\/06\/logo-ra.v2.min_-1-300x147.png 300w, https:\/\/www.daware.io\/wp-content\/uploads\/2021\/06\/logo-ra.v2.min_-1-768x377.png 768w\" sizes=\"(max-width: 976px) 100vw, 976px\" \/>\t\t\t\t\t\t\t\t\t\t\t<figcaption class=\"widget-image-caption wp-caption-text\"><\/figcaption>\n\t\t\t\t\t\t\t\t\t\t<\/figure>\n\t\t\t\t\t\t\t\t\t<\/div>\n\t\t\t\t<div class=\"elementor-element elementor-element-43e776e elementor-widget elementor-widget-heading\" data-id=\"43e776e\" data-element_type=\"widget\" data-e-type=\"widget\" data-widget_type=\"heading.default\">\n\t\t\t\t\t<h2 class=\"elementor-heading-title elementor-size-default\">A site with a customized design and optimizations<\/h2>\t\t\t\t<\/div>\n\t\t\t\t<div class=\"elementor-element elementor-element-eab62ea elementor-widget elementor-widget-text-editor\" data-id=\"eab62ea\" data-element_type=\"widget\" data-e-type=\"widget\" data-widget_type=\"text-editor.default\">\n\t\t\t\t\t\t\t\t\t<p><span style=\"font-weight: 400;\">The art sector is one of the most demanding when it comes to creating a website: the design must be as close as possible to the creations, and the site must perform well despite the many high-quality visuals.<\/span><\/p>\t\t\t\t\t\t\t\t<\/div>\n\t\t\t\t\t<\/div>\n\t\t<\/div>\n\t\t\t\t\t<\/div>\n\t\t<\/section>\n\t\t\t\t<section class=\"elementor-section elementor-top-section elementor-element elementor-element-214c972 elementor-section-boxed elementor-section-height-default elementor-section-height-default\" data-id=\"214c972\" data-element_type=\"section\" data-e-type=\"section\" data-settings=\"{&quot;background_background&quot;:&quot;classic&quot;}\">\n\t\t\t\t\t\t<div class=\"elementor-container elementor-column-gap-default\">\n\t\t\t\t\t<div class=\"elementor-column elementor-col-33 elementor-top-column elementor-element elementor-element-f497c71\" data-id=\"f497c71\" data-element_type=\"column\" data-e-type=\"column\">\n\t\t\t<div class=\"elementor-widget-wrap elementor-element-populated\">\n\t\t\t\t\t\t<div class=\"elementor-element elementor-element-23537bf elementor-widget elementor-widget-counter\" data-id=\"23537bf\" data-element_type=\"widget\" data-e-type=\"widget\" data-widget_type=\"counter.default\">\n\t\t\t\t\t\t\t<div class=\"elementor-counter\">\n\t\t\t<div class=\"elementor-counter-title\">Loading time on home page<\/div>\t\t\t<div class=\"elementor-counter-number-wrapper\">\n\t\t\t\t<span class=\"elementor-counter-number-prefix\"><\/span>\n\t\t\t\t<span class=\"elementor-counter-number\" data-duration=\"2000\" data-to-value=\"800\" data-from-value=\"0\" data-delimiter=\",\">0<\/span>\n\t\t\t\t<span class=\"elementor-counter-number-suffix\">ms<\/span>\n\t\t\t<\/div>\n\t\t<\/div>\n\t\t\t\t\t\t<\/div>\n\t\t\t\t\t<\/div>\n\t\t<\/div>\n\t\t\t\t<div class=\"elementor-column elementor-col-33 elementor-top-column elementor-element elementor-element-64fdb56\" data-id=\"64fdb56\" data-element_type=\"column\" data-e-type=\"column\">\n\t\t\t<div class=\"elementor-widget-wrap elementor-element-populated\">\n\t\t\t\t\t\t<div class=\"elementor-element elementor-element-40e7ca9 elementor-widget elementor-widget-text-editor\" data-id=\"40e7ca9\" data-element_type=\"widget\" data-e-type=\"widget\" data-widget_type=\"text-editor.default\">\n\t\t\t\t\t\t\t\t\t<p>A<\/p>\t\t\t\t\t\t\t\t<\/div>\n\t\t\t\t<div class=\"elementor-element elementor-element-cca4c48 elementor-widget elementor-widget-text-editor\" data-id=\"cca4c48\" data-element_type=\"widget\" data-e-type=\"widget\" data-widget_type=\"text-editor.default\">\n\t\t\t\t\t\t\t\t\t<p>In GT Metrix scores<\/p>\t\t\t\t\t\t\t\t<\/div>\n\t\t\t\t\t<\/div>\n\t\t<\/div>\n\t\t\t\t<div class=\"elementor-column elementor-col-33 elementor-top-column elementor-element elementor-element-d73b693\" data-id=\"d73b693\" data-element_type=\"column\" data-e-type=\"column\">\n\t\t\t<div class=\"elementor-widget-wrap elementor-element-populated\">\n\t\t\t\t\t\t<div class=\"elementor-element elementor-element-28ba097 elementor-widget elementor-widget-counter\" data-id=\"28ba097\" data-element_type=\"widget\" data-e-type=\"widget\" data-widget_type=\"counter.default\">\n\t\t\t\t\t\t\t<div class=\"elementor-counter\">\n\t\t\t<div class=\"elementor-counter-title\">Speed score from Google Page Insight<\/div>\t\t\t<div class=\"elementor-counter-number-wrapper\">\n\t\t\t\t<span class=\"elementor-counter-number-prefix\"><\/span>\n\t\t\t\t<span class=\"elementor-counter-number\" data-duration=\"2000\" data-to-value=\"96\" data-from-value=\"0\" data-delimiter=\",\">0<\/span>\n\t\t\t\t<span class=\"elementor-counter-number-suffix\">\/100<\/span>\n\t\t\t<\/div>\n\t\t<\/div>\n\t\t\t\t\t\t<\/div>\n\t\t\t\t\t<\/div>\n\t\t<\/div>\n\t\t\t\t\t<\/div>\n\t\t<\/section>\n\t\t\t\t<section class=\"elementor-section elementor-top-section elementor-element elementor-element-8781bb6 elementor-section-boxed elementor-section-height-default elementor-section-height-default\" data-id=\"8781bb6\" data-element_type=\"section\" data-e-type=\"section\" data-settings=\"{&quot;background_background&quot;:&quot;classic&quot;}\">\n\t\t\t\t\t\t<div class=\"elementor-container elementor-column-gap-default\">\n\t\t\t\t\t<div class=\"elementor-column elementor-col-50 elementor-top-column elementor-element elementor-element-b581f5a\" data-id=\"b581f5a\" data-element_type=\"column\" data-e-type=\"column\">\n\t\t\t<div class=\"elementor-widget-wrap elementor-element-populated\">\n\t\t\t\t\t\t<div class=\"elementor-element elementor-element-f7de278 elementor-widget elementor-widget-heading\" data-id=\"f7de278\" data-element_type=\"widget\" data-e-type=\"widget\" data-widget_type=\"heading.default\">\n\t\t\t\t\t<h3 class=\"elementor-heading-title elementor-size-default\">Our context<\/h3>\t\t\t\t<\/div>\n\t\t\t\t<div class=\"elementor-element elementor-element-ae14ebd elementor-widget elementor-widget-heading\" data-id=\"ae14ebd\" data-element_type=\"widget\" data-e-type=\"widget\" data-widget_type=\"heading.default\">\n\t\t\t\t\t<h2 class=\"elementor-heading-title elementor-size-default\">A colorful, optimized site<\/h2>\t\t\t\t<\/div>\n\t\t\t\t<div class=\"elementor-element elementor-element-5564f21 elementor-widget elementor-widget-text-editor\" data-id=\"5564f21\" data-element_type=\"widget\" data-e-type=\"widget\" data-widget_type=\"text-editor.default\">\n\t\t\t\t\t\t\t\t\t<p><span style=\"font-weight: 400;\">Painter Pascale Rebillard wanted the site to match the colors of her paintings, which we took care of after various discussions. We favored a simple interface, optimizing the site's loading speed and introducing security parameters. To meet Pascale's needs and expectations, we focused on creating a responsive site that was technically optimized for search engine optimization.<\/span><\/p><p><span style=\"font-weight: 400;\">The loading speed issue was the most complex, with so many visuals of Pascale's works and the need to display these visuals in good quality.\u00a0<\/span><\/p>\t\t\t\t\t\t\t\t<\/div>\n\t\t\t\t\t<\/div>\n\t\t<\/div>\n\t\t\t\t<div class=\"elementor-column elementor-col-50 elementor-top-column elementor-element elementor-element-4f2a2b6\" data-id=\"4f2a2b6\" data-element_type=\"column\" data-e-type=\"column\">\n\t\t\t<div class=\"elementor-widget-wrap elementor-element-populated\">\n\t\t\t\t\t\t<div class=\"elementor-element elementor-element-e728ddf elementor-widget elementor-widget-image\" data-id=\"e728ddf\" data-element_type=\"widget\" data-e-type=\"widget\" data-widget_type=\"image.default\">\n\t\t\t\t\t\t\t\t\t\t\t\t\t\t\t<img decoding=\"async\" width=\"768\" height=\"545\" src=\"https:\/\/www.daware.io\/wp-content\/uploads\/2021\/06\/rebill-art-tableau-5-768x545.jpg\" class=\"attachment-medium_large size-medium_large wp-image-988\" alt=\"Tableau site Rebill-art\" srcset=\"https:\/\/www.daware.io\/wp-content\/uploads\/2021\/06\/rebill-art-tableau-5-768x545.jpg 768w, https:\/\/www.daware.io\/wp-content\/uploads\/2021\/06\/rebill-art-tableau-5-300x213.jpg 300w, https:\/\/www.daware.io\/wp-content\/uploads\/2021\/06\/rebill-art-tableau-5-1024x727.jpg 1024w, https:\/\/www.daware.io\/wp-content\/uploads\/2021\/06\/rebill-art-tableau-5.jpg 1522w\" sizes=\"(max-width: 768px) 100vw, 768px\" \/>\t\t\t\t\t\t\t\t\t\t\t\t\t\t\t<\/div>\n\t\t\t\t\t<\/div>\n\t\t<\/div>\n\t\t\t\t\t<\/div>\n\t\t<\/section>\n\t\t\t\t<section class=\"elementor-section elementor-top-section elementor-element elementor-element-3bc9424 elementor-section-boxed elementor-section-height-default elementor-section-height-default\" data-id=\"3bc9424\" data-element_type=\"section\" data-e-type=\"section\" data-settings=\"{&quot;background_background&quot;:&quot;classic&quot;}\">\n\t\t\t\t\t\t<div class=\"elementor-container elementor-column-gap-default\">\n\t\t\t\t\t<div class=\"elementor-column elementor-col-100 elementor-top-column elementor-element elementor-element-cd1504e\" data-id=\"cd1504e\" data-element_type=\"column\" data-e-type=\"column\">\n\t\t\t<div class=\"elementor-widget-wrap elementor-element-populated\">\n\t\t\t\t\t\t<div class=\"elementor-element elementor-element-998e4c1 elementor-widget elementor-widget-text-editor\" data-id=\"998e4c1\" data-element_type=\"widget\" data-e-type=\"widget\" data-widget_type=\"text-editor.default\">\n\t\t\t\t\t\t\t\t\t<p><span style=\"font-weight: 400;\">We had to combine a number of image optimizations:<\/span><\/p><ul><li style=\"font-weight: 400;\" aria-level=\"1\"><span style=\"font-weight: 400;\">lossless image compression<\/span><\/li><li style=\"font-weight: 400;\" aria-level=\"1\"><span style=\"font-weight: 400;\">resizing images\u00a0<\/span><\/li><li style=\"font-weight: 400;\" aria-level=\"1\"><span style=\"font-weight: 400;\">conversion of images into a web-optimized format: the webP format<\/span><\/li><li style=\"font-weight: 400;\" aria-level=\"1\"><span style=\"font-weight: 400;\">lazy-loading of images to load them only when the page is scrolled<\/span><\/li><li style=\"font-weight: 400;\" aria-level=\"1\"><span style=\"font-weight: 400;\">page caching (browser-side, server-side and via CDN)<\/span><\/li><li style=\"font-weight: 400;\" aria-level=\"1\"><span style=\"font-weight: 400;\">as well as all the other global optimizations we apply to all our site creations (Brotli compression, HTTP\/3, minification, delayed loading of elements, etc.).<\/span><\/li><\/ul><p><span style=\"font-weight: 400;\">These optimizations enabled us to achieve the following performance levels:<\/span><\/p><ul><li style=\"font-weight: 400;\" aria-level=\"1\"><span style=\"font-weight: 400;\">96\/100 speed score on Google page speed insight (desktop)<\/span><\/li><li style=\"font-weight: 400;\" aria-level=\"1\"><span style=\"font-weight: 400;\">less than 800 ms home page load time (source pingdom.com and GTmetrix)<\/span><\/li><li style=\"font-weight: 400;\" aria-level=\"1\"><span style=\"font-weight: 400;\">rated A on GTmetrix\u00a0<\/span><\/li><\/ul><p>\u00a0<\/p>\t\t\t\t\t\t\t\t<\/div>\n\t\t\t\t\t<\/div>\n\t\t<\/div>\n\t\t\t\t\t<\/div>\n\t\t<\/section>\n\t\t\t\t<\/div>","protected":false},"excerpt":{"rendered":"<p>Rebill-art est la marque d\u2019une artiste peintre qui a fait appel \u00e0 nous pour concevoir un site optimis\u00e9 et en ad\u00e9quation avec les choix visuels d\u00e9cid\u00e9s par l\u2019entreprise. Un site au design et aux optimisations sur mesure Le secteur de l\u2019art est un des plus exigeants pour la cr\u00e9ation de site : le design doit [&hellip;]<\/p>\n","protected":false},"author":4,"featured_media":989,"parent":361,"menu_order":0,"comment_status":"closed","ping_status":"closed","template":"","meta":{"_acf_changed":false,"footnotes":""},"class_list":["post-983","page","type-page","status-publish","has-post-thumbnail","hentry"],"acf":[],"yoast_head":"<!-- This site is optimized with the Yoast SEO plugin v27.3 - https:\/\/yoast.com\/product\/yoast-seo-wordpress\/ -->\n<title>Portfolio : cr\u00e9ation de site Rebill-art | Daware.io<\/title>\n<meta name=\"description\" content=\"D\u00e9couvrez comment nous avons acc\u00e9l\u00e9r\u00e9 la vitesse de chargement de Rebill-Art.com. Consultez notre \u00e9tude de cas !\" \/>\n<meta name=\"robots\" content=\"index, follow, max-snippet:-1, max-image-preview:large, max-video-preview:-1\" \/>\n<link rel=\"canonical\" href=\"https:\/\/www.daware.io\/en\/case-studies\/rebill-art\/\" \/>\n<meta property=\"og:locale\" content=\"en_US\" \/>\n<meta property=\"og:type\" content=\"article\" \/>\n<meta property=\"og:title\" content=\"Portfolio : cr\u00e9ation de site Rebill-art | Daware.io\" \/>\n<meta property=\"og:description\" content=\"D\u00e9couvrez comment nous avons acc\u00e9l\u00e9r\u00e9 la vitesse de chargement de Rebill-Art.com. Consultez notre \u00e9tude de cas !\" \/>\n<meta property=\"og:url\" content=\"https:\/\/www.daware.io\/en\/case-studies\/rebill-art\/\" \/>\n<meta property=\"og:site_name\" content=\"Daware.io\" \/>\n<meta property=\"article:publisher\" content=\"https:\/\/www.facebook.com\/www.daware.io\/\" \/>\n<meta property=\"article:modified_time\" content=\"2023-07-17T18:48:45+00:00\" \/>\n<meta property=\"og:image\" content=\"https:\/\/www.daware.io\/wp-content\/uploads\/2021\/06\/rebill-art-pascale-rebillard.jpg\" \/>\n\t<meta property=\"og:image:width\" content=\"1920\" \/>\n\t<meta property=\"og:image:height\" content=\"1113\" \/>\n\t<meta property=\"og:image:type\" content=\"image\/jpeg\" \/>\n<meta name=\"twitter:card\" content=\"summary_large_image\" \/>\n<meta name=\"twitter:site\" content=\"@DawareIo\" \/>\n<meta name=\"twitter:label1\" content=\"Est. reading time\" \/>\n\t<meta name=\"twitter:data1\" content=\"3 minutes\" \/>\n<script type=\"application\/ld+json\" class=\"yoast-schema-graph\">{\"@context\":\"https:\\\/\\\/schema.org\",\"@graph\":[{\"@type\":\"WebPage\",\"@id\":\"https:\\\/\\\/www.daware.io\\\/realisations\\\/rebill-art\\\/\",\"url\":\"https:\\\/\\\/www.daware.io\\\/realisations\\\/rebill-art\\\/\",\"name\":\"Portfolio : cr\u00e9ation de site Rebill-art | Daware.io\",\"isPartOf\":{\"@id\":\"https:\\\/\\\/www.daware.io\\\/#website\"},\"primaryImageOfPage\":{\"@id\":\"https:\\\/\\\/www.daware.io\\\/realisations\\\/rebill-art\\\/#primaryimage\"},\"image\":{\"@id\":\"https:\\\/\\\/www.daware.io\\\/realisations\\\/rebill-art\\\/#primaryimage\"},\"thumbnailUrl\":\"https:\\\/\\\/www.daware.io\\\/wp-content\\\/uploads\\\/2021\\\/06\\\/rebill-art-pascale-rebillard.jpg\",\"datePublished\":\"2021-06-23T11:27:01+00:00\",\"dateModified\":\"2023-07-17T18:48:45+00:00\",\"description\":\"D\u00e9couvrez comment nous avons acc\u00e9l\u00e9r\u00e9 la vitesse de chargement de Rebill-Art.com. Consultez notre \u00e9tude de cas !\",\"breadcrumb\":{\"@id\":\"https:\\\/\\\/www.daware.io\\\/realisations\\\/rebill-art\\\/#breadcrumb\"},\"inLanguage\":\"en-US\",\"potentialAction\":[{\"@type\":\"ReadAction\",\"target\":[\"https:\\\/\\\/www.daware.io\\\/realisations\\\/rebill-art\\\/\"]}]},{\"@type\":\"ImageObject\",\"inLanguage\":\"en-US\",\"@id\":\"https:\\\/\\\/www.daware.io\\\/realisations\\\/rebill-art\\\/#primaryimage\",\"url\":\"https:\\\/\\\/www.daware.io\\\/wp-content\\\/uploads\\\/2021\\\/06\\\/rebill-art-pascale-rebillard.jpg\",\"contentUrl\":\"https:\\\/\\\/www.daware.io\\\/wp-content\\\/uploads\\\/2021\\\/06\\\/rebill-art-pascale-rebillard.jpg\",\"width\":1920,\"height\":1113,\"caption\":\"Banni\u00e8re site Rebill-art\"},{\"@type\":\"BreadcrumbList\",\"@id\":\"https:\\\/\\\/www.daware.io\\\/realisations\\\/rebill-art\\\/#breadcrumb\",\"itemListElement\":[{\"@type\":\"ListItem\",\"position\":1,\"name\":\"Daware\",\"item\":\"https:\\\/\\\/www.daware.io\\\/\"},{\"@type\":\"ListItem\",\"position\":2,\"name\":\"R\u00e9alisations\",\"item\":\"https:\\\/\\\/www.daware.io\\\/realisations\\\/\"},{\"@type\":\"ListItem\",\"position\":3,\"name\":\"Rebill-art\"}]},{\"@type\":\"WebSite\",\"@id\":\"https:\\\/\\\/www.daware.io\\\/#website\",\"url\":\"https:\\\/\\\/www.daware.io\\\/\",\"name\":\"Daware.io\",\"description\":\"Surperfomez !\",\"publisher\":{\"@id\":\"https:\\\/\\\/www.daware.io\\\/#organization\"},\"potentialAction\":[{\"@type\":\"SearchAction\",\"target\":{\"@type\":\"EntryPoint\",\"urlTemplate\":\"https:\\\/\\\/www.daware.io\\\/?s={search_term_string}\"},\"query-input\":{\"@type\":\"PropertyValueSpecification\",\"valueRequired\":true,\"valueName\":\"search_term_string\"}}],\"inLanguage\":\"en-US\"},{\"@type\":\"Organization\",\"@id\":\"https:\\\/\\\/www.daware.io\\\/#organization\",\"name\":\"Daware.io\",\"alternateName\":\"Daware\",\"url\":\"https:\\\/\\\/www.daware.io\\\/\",\"logo\":{\"@type\":\"ImageObject\",\"inLanguage\":\"en-US\",\"@id\":\"https:\\\/\\\/www.daware.io\\\/#\\\/schema\\\/logo\\\/image\\\/\",\"url\":\"https:\\\/\\\/www.daware.io\\\/wp-content\\\/uploads\\\/2021\\\/06\\\/Daware.io-logo.png\",\"contentUrl\":\"https:\\\/\\\/www.daware.io\\\/wp-content\\\/uploads\\\/2021\\\/06\\\/Daware.io-logo.png\",\"width\":359,\"height\":380,\"caption\":\"Daware.io\"},\"image\":{\"@id\":\"https:\\\/\\\/www.daware.io\\\/#\\\/schema\\\/logo\\\/image\\\/\"},\"sameAs\":[\"https:\\\/\\\/www.facebook.com\\\/www.daware.io\\\/\",\"https:\\\/\\\/x.com\\\/DawareIo\",\"https:\\\/\\\/www.instagram.com\\\/daware.io\\\/\",\"https:\\\/\\\/www.linkedin.com\\\/company\\\/daware-io\\\/\",\"https:\\\/\\\/www.youtube.com\\\/channel\\\/UCY1UHrclDEzMjBr3ZVozUaA\",\"https:\\\/\\\/www.crunchbase.com\\\/organization\\\/daware-io\",\"https:\\\/\\\/www.francenum.gouv.fr\\\/activateurs\\\/dawareio\"]}]}<\/script>\n<!-- \/ Yoast SEO plugin. -->","yoast_head_json":{"title":"Portfolio : website creation Rebill-art | Daware.io","description":"Find out how we accelerated Rebill-Art.com's loading speed. Read our case study!","robots":{"index":"index","follow":"follow","max-snippet":"max-snippet:-1","max-image-preview":"max-image-preview:large","max-video-preview":"max-video-preview:-1"},"canonical":"https:\/\/www.daware.io\/en\/case-studies\/rebill-art\/","og_locale":"en_US","og_type":"article","og_title":"Portfolio : cr\u00e9ation de site Rebill-art | Daware.io","og_description":"D\u00e9couvrez comment nous avons acc\u00e9l\u00e9r\u00e9 la vitesse de chargement de Rebill-Art.com. Consultez notre \u00e9tude de cas !","og_url":"https:\/\/www.daware.io\/en\/case-studies\/rebill-art\/","og_site_name":"Daware.io","article_publisher":"https:\/\/www.facebook.com\/www.daware.io\/","article_modified_time":"2023-07-17T18:48:45+00:00","og_image":[{"width":1920,"height":1113,"url":"https:\/\/www.daware.io\/wp-content\/uploads\/2021\/06\/rebill-art-pascale-rebillard.jpg","type":"image\/jpeg"}],"twitter_card":"summary_large_image","twitter_site":"@DawareIo","twitter_misc":{"Est. reading time":"3 minutes"},"schema":{"@context":"https:\/\/schema.org","@graph":[{"@type":"WebPage","@id":"https:\/\/www.daware.io\/realisations\/rebill-art\/","url":"https:\/\/www.daware.io\/realisations\/rebill-art\/","name":"Portfolio : website creation Rebill-art | Daware.io","isPartOf":{"@id":"https:\/\/www.daware.io\/#website"},"primaryImageOfPage":{"@id":"https:\/\/www.daware.io\/realisations\/rebill-art\/#primaryimage"},"image":{"@id":"https:\/\/www.daware.io\/realisations\/rebill-art\/#primaryimage"},"thumbnailUrl":"https:\/\/www.daware.io\/wp-content\/uploads\/2021\/06\/rebill-art-pascale-rebillard.jpg","datePublished":"2021-06-23T11:27:01+00:00","dateModified":"2023-07-17T18:48:45+00:00","description":"Find out how we accelerated Rebill-Art.com's loading speed. Read our case study!","breadcrumb":{"@id":"https:\/\/www.daware.io\/realisations\/rebill-art\/#breadcrumb"},"inLanguage":"en-US","potentialAction":[{"@type":"ReadAction","target":["https:\/\/www.daware.io\/realisations\/rebill-art\/"]}]},{"@type":"ImageObject","inLanguage":"en-US","@id":"https:\/\/www.daware.io\/realisations\/rebill-art\/#primaryimage","url":"https:\/\/www.daware.io\/wp-content\/uploads\/2021\/06\/rebill-art-pascale-rebillard.jpg","contentUrl":"https:\/\/www.daware.io\/wp-content\/uploads\/2021\/06\/rebill-art-pascale-rebillard.jpg","width":1920,"height":1113,"caption":"Banni\u00e8re site Rebill-art"},{"@type":"BreadcrumbList","@id":"https:\/\/www.daware.io\/realisations\/rebill-art\/#breadcrumb","itemListElement":[{"@type":"ListItem","position":1,"name":"Daware","item":"https:\/\/www.daware.io\/"},{"@type":"ListItem","position":2,"name":"R\u00e9alisations","item":"https:\/\/www.daware.io\/realisations\/"},{"@type":"ListItem","position":3,"name":"Rebill-art"}]},{"@type":"WebSite","@id":"https:\/\/www.daware.io\/#website","url":"https:\/\/www.daware.io\/","name":"Daware.io","description":"Supercharge!","publisher":{"@id":"https:\/\/www.daware.io\/#organization"},"potentialAction":[{"@type":"SearchAction","target":{"@type":"EntryPoint","urlTemplate":"https:\/\/www.daware.io\/?s={search_term_string}"},"query-input":{"@type":"PropertyValueSpecification","valueRequired":true,"valueName":"search_term_string"}}],"inLanguage":"en-US"},{"@type":"Organization","@id":"https:\/\/www.daware.io\/#organization","name":"Daware.io","alternateName":"Daware","url":"https:\/\/www.daware.io\/","logo":{"@type":"ImageObject","inLanguage":"en-US","@id":"https:\/\/www.daware.io\/#\/schema\/logo\/image\/","url":"https:\/\/www.daware.io\/wp-content\/uploads\/2021\/06\/Daware.io-logo.png","contentUrl":"https:\/\/www.daware.io\/wp-content\/uploads\/2021\/06\/Daware.io-logo.png","width":359,"height":380,"caption":"Daware.io"},"image":{"@id":"https:\/\/www.daware.io\/#\/schema\/logo\/image\/"},"sameAs":["https:\/\/www.facebook.com\/www.daware.io\/","https:\/\/x.com\/DawareIo","https:\/\/www.instagram.com\/daware.io\/","https:\/\/www.linkedin.com\/company\/daware-io\/","https:\/\/www.youtube.com\/channel\/UCY1UHrclDEzMjBr3ZVozUaA","https:\/\/www.crunchbase.com\/organization\/daware-io","https:\/\/www.francenum.gouv.fr\/activateurs\/dawareio"]}]}},"_links":{"self":[{"href":"https:\/\/www.daware.io\/en\/wp-json\/wp\/v2\/pages\/983","targetHints":{"allow":["GET"]}}],"collection":[{"href":"https:\/\/www.daware.io\/en\/wp-json\/wp\/v2\/pages"}],"about":[{"href":"https:\/\/www.daware.io\/en\/wp-json\/wp\/v2\/types\/page"}],"author":[{"embeddable":true,"href":"https:\/\/www.daware.io\/en\/wp-json\/wp\/v2\/users\/4"}],"replies":[{"embeddable":true,"href":"https:\/\/www.daware.io\/en\/wp-json\/wp\/v2\/comments?post=983"}],"version-history":[{"count":5,"href":"https:\/\/www.daware.io\/en\/wp-json\/wp\/v2\/pages\/983\/revisions"}],"predecessor-version":[{"id":5776,"href":"https:\/\/www.daware.io\/en\/wp-json\/wp\/v2\/pages\/983\/revisions\/5776"}],"up":[{"embeddable":true,"href":"https:\/\/www.daware.io\/en\/wp-json\/wp\/v2\/pages\/361"}],"wp:featuredmedia":[{"embeddable":true,"href":"https:\/\/www.daware.io\/en\/wp-json\/wp\/v2\/media\/989"}],"wp:attachment":[{"href":"https:\/\/www.daware.io\/en\/wp-json\/wp\/v2\/media?parent=983"}],"curies":[{"name":"wp","href":"https:\/\/api.w.org\/{rel}","templated":true}]}}