{"id":361,"date":"2021-05-28T15:31:35","date_gmt":"2021-05-28T13:31:35","guid":{"rendered":"https:\/\/www.daware.io\/?page_id=361"},"modified":"2023-07-17T20:32:48","modified_gmt":"2023-07-17T18:32:48","slug":"case-studies","status":"publish","type":"page","link":"https:\/\/www.daware.io\/en\/case-studies\/","title":{"rendered":"Case Studies"},"content":{"rendered":"<div data-elementor-type=\"wp-page\" data-elementor-id=\"361\" class=\"elementor elementor-361\" data-elementor-post-type=\"page\">\n\t\t\t\t\t\t<section class=\"elementor-section elementor-top-section elementor-element elementor-element-b1c53c3 elementor-section-boxed elementor-section-height-default elementor-section-height-default\" data-id=\"b1c53c3\" data-element_type=\"section\" data-e-type=\"section\">\n\t\t\t\t\t\t<div class=\"elementor-container elementor-column-gap-default\">\n\t\t\t\t\t<div class=\"elementor-column elementor-col-100 elementor-top-column elementor-element elementor-element-62c268f\" data-id=\"62c268f\" data-element_type=\"column\" data-e-type=\"column\">\n\t\t\t<div class=\"elementor-widget-wrap elementor-element-populated\">\n\t\t\t\t\t\t<div class=\"elementor-element elementor-element-5735b70 elementor-widget elementor-widget-heading\" data-id=\"5735b70\" data-element_type=\"widget\" data-e-type=\"widget\" data-widget_type=\"heading.default\">\n\t\t\t\t\t<h1 class=\"elementor-heading-title elementor-size-default\">Our case studies<\/h1>\t\t\t\t<\/div>\n\t\t\t\t<div class=\"elementor-element elementor-element-0a57be7 elementor-widget elementor-widget-text-editor\" data-id=\"0a57be7\" data-element_type=\"widget\" data-e-type=\"widget\" data-widget_type=\"text-editor.default\">\n\t\t\t\t\t\t\t\t\t<p>Case studies like these inspire and motivate us. Find out how companies like yours are thriving thanks to our expertise.<\/p>\t\t\t\t\t\t\t\t<\/div>\n\t\t\t\t\t<\/div>\n\t\t<\/div>\n\t\t\t\t\t<\/div>\n\t\t<\/section>\n\t\t\t\t<section class=\"elementor-section elementor-top-section elementor-element elementor-element-216174b elementor-section-boxed elementor-section-height-default elementor-section-height-default\" data-id=\"216174b\" data-element_type=\"section\" data-e-type=\"section\">\n\t\t\t\t\t\t<div class=\"elementor-container elementor-column-gap-default\">\n\t\t\t\t\t<div class=\"elementor-column elementor-col-50 elementor-top-column elementor-element elementor-element-838650c\" data-id=\"838650c\" data-element_type=\"column\" data-e-type=\"column\">\n\t\t\t<div class=\"elementor-widget-wrap elementor-element-populated\">\n\t\t\t\t\t\t<div class=\"elementor-element elementor-element-1b79e57 elementor-cta--layout-image-left elementor-cta--mobile-layout-image-above elementor-cta--skin-classic elementor-animated-content elementor-widget elementor-widget-call-to-action\" data-id=\"1b79e57\" data-element_type=\"widget\" data-e-type=\"widget\" data-widget_type=\"call-to-action.default\">\n\t\t\t\t\t\t\t<a class=\"elementor-cta\" href=\"\/en\/case-studies\/flowrette\/\">\n\t\t\t\t\t<div class=\"elementor-cta__bg-wrapper\">\n\t\t\t\t<div class=\"elementor-cta__bg elementor-bg\" style=\"background-image: url(https:\/\/www.daware.io\/wp-content\/uploads\/2021\/05\/fleurs-sechees-flowrette_51819318-4969-4fa0-ae19-17c013ce4e7c_1000x.jpg);\" role=\"img\" aria-label=\"fleurs-sechees-flowrette_51819318-4969-4fa0-ae19-17c013ce4e7c_1000x\"><\/div>\n\t\t\t\t<div class=\"elementor-cta__bg-overlay\"><\/div>\n\t\t\t<\/div>\n\t\t\t\t\t\t\t<div class=\"elementor-cta__content\">\n\t\t\t\t\n\t\t\t\t\t\t\t\t\t<h2 class=\"elementor-cta__title elementor-cta__content-item elementor-content-item\">\n\t\t\t\t\t\tFlowrette\t\t\t\t\t<\/h2>\n\t\t\t\t\n\t\t\t\t\t\t\t\t\t<div class=\"elementor-cta__description elementor-cta__content-item elementor-content-item\">\n\t\t\t\t\t\tAn exemplary case of digital outperformance\t\t\t\t\t<\/div>\n\t\t\t\t\n\t\t\t\t\t\t\t<\/div>\n\t\t\t\t\t\t<\/a>\n\t\t\t\t\t\t<\/div>\n\t\t\t\t\t<\/div>\n\t\t<\/div>\n\t\t\t\t<div class=\"elementor-column elementor-col-50 elementor-top-column elementor-element elementor-element-34ab035\" data-id=\"34ab035\" data-element_type=\"column\" data-e-type=\"column\">\n\t\t\t<div class=\"elementor-widget-wrap elementor-element-populated\">\n\t\t\t\t\t\t<div class=\"elementor-element elementor-element-6552489 elementor-cta--layout-image-left elementor-cta--mobile-layout-image-above elementor-cta--skin-classic elementor-animated-content elementor-widget elementor-widget-call-to-action\" data-id=\"6552489\" data-element_type=\"widget\" data-e-type=\"widget\" data-widget_type=\"call-to-action.default\">\n\t\t\t\t\t\t\t<a class=\"elementor-cta\" href=\"\/en\/case-studies\/rebill-art\/\">\n\t\t\t\t\t<div class=\"elementor-cta__bg-wrapper\">\n\t\t\t\t<div class=\"elementor-cta__bg elementor-bg\" style=\"background-image: url(https:\/\/www.daware.io\/wp-content\/uploads\/2021\/06\/rebill-art-pascale-rebillard-1024x594.jpg);\" role=\"img\" aria-label=\"Rebill-art website banner\"><\/div>\n\t\t\t\t<div class=\"elementor-cta__bg-overlay\"><\/div>\n\t\t\t<\/div>\n\t\t\t\t\t\t\t<div class=\"elementor-cta__content\">\n\t\t\t\t\n\t\t\t\t\t\t\t\t\t<h2 class=\"elementor-cta__title elementor-cta__content-item elementor-content-item\">\n\t\t\t\t\t\tRebill-art\t\t\t\t\t<\/h2>\n\t\t\t\t\n\t\t\t\t\t\t\t\t\t<div class=\"elementor-cta__description elementor-cta__content-item elementor-content-item\">\n\t\t\t\t\t\tA site development with dazzling performance\t\t\t\t\t<\/div>\n\t\t\t\t\n\t\t\t\t\t\t\t<\/div>\n\t\t\t\t\t\t<\/a>\n\t\t\t\t\t\t<\/div>\n\t\t\t\t\t<\/div>\n\t\t<\/div>\n\t\t\t\t\t<\/div>\n\t\t<\/section>\n\t\t\t\t<\/div>","protected":false},"excerpt":{"rendered":"<p>Our achievements Case studies like these inspire and motivate us. Find out how companies like yours are thriving thanks to our expertise. Flowrette An exemplary case of digital over-performance. Rebill-art A site development with dazzling performance.<\/p>","protected":false},"author":4,"featured_media":0,"parent":0,"menu_order":0,"comment_status":"closed","ping_status":"closed","template":"","meta":{"_acf_changed":false,"footnotes":""},"class_list":["post-361","page","type-page","status-publish","hentry"],"acf":[],"yoast_head":"<!-- This site is optimized with the Yoast SEO plugin v27.3 - https:\/\/yoast.com\/product\/yoast-seo-wordpress\/ -->\n<title>R\u00e9alisations SEO, SEA, SMA | Daware.io<\/title>\n<meta name=\"description\" content=\"D\u00e9couvrez nos r\u00e9alisations en acquisition de trafic et boostez votre visibilit\u00e9 en ligne. Consultez notre portfolio d\u00e8s maintenant !\" \/>\n<meta name=\"robots\" content=\"index, follow, max-snippet:-1, max-image-preview:large, max-video-preview:-1\" \/>\n<link rel=\"canonical\" href=\"https:\/\/www.daware.io\/en\/case-studies\/\" \/>\n<meta property=\"og:locale\" content=\"en_US\" \/>\n<meta property=\"og:type\" content=\"article\" \/>\n<meta property=\"og:title\" content=\"R\u00e9alisations SEO, SEA, SMA | Daware.io\" \/>\n<meta property=\"og:description\" content=\"D\u00e9couvrez nos r\u00e9alisations en acquisition de trafic et boostez votre visibilit\u00e9 en ligne. Consultez notre portfolio d\u00e8s maintenant !\" \/>\n<meta property=\"og:url\" content=\"https:\/\/www.daware.io\/en\/case-studies\/\" \/>\n<meta property=\"og:site_name\" content=\"Daware.io\" \/>\n<meta property=\"article:publisher\" content=\"https:\/\/www.facebook.com\/www.daware.io\/\" \/>\n<meta property=\"article:modified_time\" content=\"2023-07-17T18:32:48+00:00\" \/>\n<meta property=\"og:image\" content=\"https:\/\/www.daware.io\/wp-content\/uploads\/2021\/06\/Daware.io-logo.png\" \/>\n\t<meta property=\"og:image:width\" content=\"359\" \/>\n\t<meta property=\"og:image:height\" content=\"380\" \/>\n\t<meta property=\"og:image:type\" content=\"image\/png\" \/>\n<meta name=\"twitter:card\" content=\"summary_large_image\" \/>\n<meta name=\"twitter:site\" content=\"@DawareIo\" \/>\n<meta name=\"twitter:label1\" content=\"Est. reading time\" \/>\n\t<meta name=\"twitter:data1\" content=\"1 minute\" \/>\n<script type=\"application\/ld+json\" class=\"yoast-schema-graph\">{\"@context\":\"https:\\\/\\\/schema.org\",\"@graph\":[{\"@type\":\"WebPage\",\"@id\":\"https:\\\/\\\/www.daware.io\\\/realisations\\\/\",\"url\":\"https:\\\/\\\/www.daware.io\\\/realisations\\\/\",\"name\":\"R\u00e9alisations SEO, SEA, SMA | Daware.io\",\"isPartOf\":{\"@id\":\"https:\\\/\\\/www.daware.io\\\/#website\"},\"datePublished\":\"2021-05-28T13:31:35+00:00\",\"dateModified\":\"2023-07-17T18:32:48+00:00\",\"description\":\"D\u00e9couvrez nos r\u00e9alisations en acquisition de trafic et boostez votre visibilit\u00e9 en ligne. Consultez notre portfolio d\u00e8s maintenant !\",\"breadcrumb\":{\"@id\":\"https:\\\/\\\/www.daware.io\\\/realisations\\\/#breadcrumb\"},\"inLanguage\":\"en-US\",\"potentialAction\":[{\"@type\":\"ReadAction\",\"target\":[\"https:\\\/\\\/www.daware.io\\\/realisations\\\/\"]}]},{\"@type\":\"BreadcrumbList\",\"@id\":\"https:\\\/\\\/www.daware.io\\\/realisations\\\/#breadcrumb\",\"itemListElement\":[{\"@type\":\"ListItem\",\"position\":1,\"name\":\"Daware\",\"item\":\"https:\\\/\\\/www.daware.io\\\/\"},{\"@type\":\"ListItem\",\"position\":2,\"name\":\"R\u00e9alisations\"}]},{\"@type\":\"WebSite\",\"@id\":\"https:\\\/\\\/www.daware.io\\\/#website\",\"url\":\"https:\\\/\\\/www.daware.io\\\/\",\"name\":\"Daware.io\",\"description\":\"Surperfomez !\",\"publisher\":{\"@id\":\"https:\\\/\\\/www.daware.io\\\/#organization\"},\"potentialAction\":[{\"@type\":\"SearchAction\",\"target\":{\"@type\":\"EntryPoint\",\"urlTemplate\":\"https:\\\/\\\/www.daware.io\\\/?s={search_term_string}\"},\"query-input\":{\"@type\":\"PropertyValueSpecification\",\"valueRequired\":true,\"valueName\":\"search_term_string\"}}],\"inLanguage\":\"en-US\"},{\"@type\":\"Organization\",\"@id\":\"https:\\\/\\\/www.daware.io\\\/#organization\",\"name\":\"Daware.io\",\"alternateName\":\"Daware\",\"url\":\"https:\\\/\\\/www.daware.io\\\/\",\"logo\":{\"@type\":\"ImageObject\",\"inLanguage\":\"en-US\",\"@id\":\"https:\\\/\\\/www.daware.io\\\/#\\\/schema\\\/logo\\\/image\\\/\",\"url\":\"https:\\\/\\\/www.daware.io\\\/wp-content\\\/uploads\\\/2021\\\/06\\\/Daware.io-logo.png\",\"contentUrl\":\"https:\\\/\\\/www.daware.io\\\/wp-content\\\/uploads\\\/2021\\\/06\\\/Daware.io-logo.png\",\"width\":359,\"height\":380,\"caption\":\"Daware.io\"},\"image\":{\"@id\":\"https:\\\/\\\/www.daware.io\\\/#\\\/schema\\\/logo\\\/image\\\/\"},\"sameAs\":[\"https:\\\/\\\/www.facebook.com\\\/www.daware.io\\\/\",\"https:\\\/\\\/x.com\\\/DawareIo\",\"https:\\\/\\\/www.instagram.com\\\/daware.io\\\/\",\"https:\\\/\\\/www.linkedin.com\\\/company\\\/daware-io\\\/\",\"https:\\\/\\\/www.youtube.com\\\/channel\\\/UCY1UHrclDEzMjBr3ZVozUaA\",\"https:\\\/\\\/www.crunchbase.com\\\/organization\\\/daware-io\",\"https:\\\/\\\/www.francenum.gouv.fr\\\/activateurs\\\/dawareio\"]}]}<\/script>\n<!-- \/ Yoast SEO plugin. -->","yoast_head_json":{"title":"Realizations SEO, SEA, SMA | Daware.io","description":"Discover our traffic acquisition achievements and boost your online visibility. View our portfolio today!","robots":{"index":"index","follow":"follow","max-snippet":"max-snippet:-1","max-image-preview":"max-image-preview:large","max-video-preview":"max-video-preview:-1"},"canonical":"https:\/\/www.daware.io\/en\/case-studies\/","og_locale":"en_US","og_type":"article","og_title":"R\u00e9alisations SEO, SEA, SMA | Daware.io","og_description":"D\u00e9couvrez nos r\u00e9alisations en acquisition de trafic et boostez votre visibilit\u00e9 en ligne. Consultez notre portfolio d\u00e8s maintenant !","og_url":"https:\/\/www.daware.io\/en\/case-studies\/","og_site_name":"Daware.io","article_publisher":"https:\/\/www.facebook.com\/www.daware.io\/","article_modified_time":"2023-07-17T18:32:48+00:00","og_image":[{"width":359,"height":380,"url":"https:\/\/www.daware.io\/wp-content\/uploads\/2021\/06\/Daware.io-logo.png","type":"image\/png"}],"twitter_card":"summary_large_image","twitter_site":"@DawareIo","twitter_misc":{"Est. reading time":"1 minute"},"schema":{"@context":"https:\/\/schema.org","@graph":[{"@type":"WebPage","@id":"https:\/\/www.daware.io\/realisations\/","url":"https:\/\/www.daware.io\/realisations\/","name":"Realizations SEO, SEA, SMA | Daware.io","isPartOf":{"@id":"https:\/\/www.daware.io\/#website"},"datePublished":"2021-05-28T13:31:35+00:00","dateModified":"2023-07-17T18:32:48+00:00","description":"Discover our traffic acquisition achievements and boost your online visibility. View our portfolio today!","breadcrumb":{"@id":"https:\/\/www.daware.io\/realisations\/#breadcrumb"},"inLanguage":"en-US","potentialAction":[{"@type":"ReadAction","target":["https:\/\/www.daware.io\/realisations\/"]}]},{"@type":"BreadcrumbList","@id":"https:\/\/www.daware.io\/realisations\/#breadcrumb","itemListElement":[{"@type":"ListItem","position":1,"name":"Daware","item":"https:\/\/www.daware.io\/"},{"@type":"ListItem","position":2,"name":"R\u00e9alisations"}]},{"@type":"WebSite","@id":"https:\/\/www.daware.io\/#website","url":"https:\/\/www.daware.io\/","name":"Daware.io","description":"Supercharge!","publisher":{"@id":"https:\/\/www.daware.io\/#organization"},"potentialAction":[{"@type":"SearchAction","target":{"@type":"EntryPoint","urlTemplate":"https:\/\/www.daware.io\/?s={search_term_string}"},"query-input":{"@type":"PropertyValueSpecification","valueRequired":true,"valueName":"search_term_string"}}],"inLanguage":"en-US"},{"@type":"Organization","@id":"https:\/\/www.daware.io\/#organization","name":"Daware.io","alternateName":"Daware","url":"https:\/\/www.daware.io\/","logo":{"@type":"ImageObject","inLanguage":"en-US","@id":"https:\/\/www.daware.io\/#\/schema\/logo\/image\/","url":"https:\/\/www.daware.io\/wp-content\/uploads\/2021\/06\/Daware.io-logo.png","contentUrl":"https:\/\/www.daware.io\/wp-content\/uploads\/2021\/06\/Daware.io-logo.png","width":359,"height":380,"caption":"Daware.io"},"image":{"@id":"https:\/\/www.daware.io\/#\/schema\/logo\/image\/"},"sameAs":["https:\/\/www.facebook.com\/www.daware.io\/","https:\/\/x.com\/DawareIo","https:\/\/www.instagram.com\/daware.io\/","https:\/\/www.linkedin.com\/company\/daware-io\/","https:\/\/www.youtube.com\/channel\/UCY1UHrclDEzMjBr3ZVozUaA","https:\/\/www.crunchbase.com\/organization\/daware-io","https:\/\/www.francenum.gouv.fr\/activateurs\/dawareio"]}]}},"_links":{"self":[{"href":"https:\/\/www.daware.io\/en\/wp-json\/wp\/v2\/pages\/361","targetHints":{"allow":["GET"]}}],"collection":[{"href":"https:\/\/www.daware.io\/en\/wp-json\/wp\/v2\/pages"}],"about":[{"href":"https:\/\/www.daware.io\/en\/wp-json\/wp\/v2\/types\/page"}],"author":[{"embeddable":true,"href":"https:\/\/www.daware.io\/en\/wp-json\/wp\/v2\/users\/4"}],"replies":[{"embeddable":true,"href":"https:\/\/www.daware.io\/en\/wp-json\/wp\/v2\/comments?post=361"}],"version-history":[{"count":5,"href":"https:\/\/www.daware.io\/en\/wp-json\/wp\/v2\/pages\/361\/revisions"}],"predecessor-version":[{"id":5767,"href":"https:\/\/www.daware.io\/en\/wp-json\/wp\/v2\/pages\/361\/revisions\/5767"}],"wp:attachment":[{"href":"https:\/\/www.daware.io\/en\/wp-json\/wp\/v2\/media?parent=361"}],"curies":[{"name":"wp","href":"https:\/\/api.w.org\/{rel}","templated":true}]}}